{"id":8,"date":"2021-11-06T07:34:04","date_gmt":"2021-11-06T07:34:04","guid":{"rendered":"http:\/\/www.shotokarate.hu\/?page_id=8"},"modified":"2021-11-06T08:33:32","modified_gmt":"2021-11-06T08:33:32","slug":"elerhetoseg","status":"publish","type":"page","link":"https:\/\/www.shotokarate.hu\/?page_id=8","title":{"rendered":"El\u00e9rhet\u0151s\u00e9g"},"content":{"rendered":"\n<p><strong>Edz\u00e9sek<\/strong><\/p>\n\n\n\n<p>Kedd: 18.00-19.30<\/p>\n\n\n\n<p>B\u00edbor Dojo &#8211; B\u00edbor u. 1., Budapest, Zugl\u00f3<\/p>\n\n\n\n<iframe src=\"https:\/\/www.google.com\/maps\/embed?pb=!1m18!1m12!1m3!1d2695.332679771514!2d19.114597115603523!3d47.50291200312828!2m3!1f0!2f0!3f0!3m2!1i1024!2i768!4f13.1!3m3!1m2!1s0x4741dca22a4adc5d%3A0x5c9712aef1a6e873!2sB%C3%ADbor%20Dojo!5e0!3m2!1shu!2shu!4v1636187581606!5m2!1shu!2shu\" width=\"400\" height=\"300\" style=\"border:0;\" allowfullscreen=\"\" loading=\"lazy\"><\/iframe>\n\n\n\n<hr class=\"wp-block-separator\"\/>\n\n\n\n<p><strong>Tov\u00e1bbi inform\u00e1ci\u00f3k<\/strong><\/p>\n\n\n\n<p>Herczeg Bal\u00e1zs<\/p>\n\n\n\n<p>+36 h\u00fasz 203 29 13<\/p>\n\n\n\n<p><\/p>\n","protected":false},"excerpt":{"rendered":"<p>Edz\u00e9sek Kedd: 18.00-19.30 B\u00edbor Dojo &#8211; B\u00edbor u. 1., Budapest, Zugl\u00f3 Tov\u00e1bbi inform\u00e1ci\u00f3k Herczeg Bal\u00e1zs +36 h\u00fasz 203 29 13<\/p>\n","protected":false},"author":1,"featured_media":0,"parent":0,"menu_order":0,"comment_status":"closed","ping_status":"closed","template":"","meta":{"footnotes":""},"class_list":["post-8","page","type-page","status-publish","hentry"],"_links":{"self":[{"href":"https:\/\/www.shotokarate.hu\/index.php?rest_route=\/wp\/v2\/pages\/8","targetHints":{"allow":["GET"]}}],"collection":[{"href":"https:\/\/www.shotokarate.hu\/index.php?rest_route=\/wp\/v2\/pages"}],"about":[{"href":"https:\/\/www.shotokarate.hu\/index.php?rest_route=\/wp\/v2\/types\/page"}],"author":[{"embeddable":true,"href":"https:\/\/www.shotokarate.hu\/index.php?rest_route=\/wp\/v2\/users\/1"}],"replies":[{"embeddable":true,"href":"https:\/\/www.shotokarate.hu\/index.php?rest_route=%2Fwp%2Fv2%2Fcomments&post=8"}],"version-history":[{"count":5,"href":"https:\/\/www.shotokarate.hu\/index.php?rest_route=\/wp\/v2\/pages\/8\/revisions"}],"predecessor-version":[{"id":51,"href":"https:\/\/www.shotokarate.hu\/index.php?rest_route=\/wp\/v2\/pages\/8\/revisions\/51"}],"wp:attachment":[{"href":"https:\/\/www.shotokarate.hu\/index.php?rest_route=%2Fwp%2Fv2%2Fmedia&parent=8"}],"curies":[{"name":"wp","href":"https:\/\/api.w.org\/{rel}","templated":true}]}}