{"id":6,"date":"2021-11-06T07:34:04","date_gmt":"2021-11-06T07:34:04","guid":{"rendered":"http:\/\/www.shotokarate.hu\/?page_id=6"},"modified":"2021-11-06T10:11:17","modified_gmt":"2021-11-06T10:11:17","slug":"the-new-umoma-opens-its-doors","status":"publish","type":"page","link":"https:\/\/www.shotokarate.hu\/","title":{"rendered":"Tradicion\u00e1lis Karate Shotokan Egyes\u00fclet"},"content":{"rendered":"\n<div class=\"wp-block-group alignwide\"><div class=\"wp-block-group__inner-container is-layout-flow wp-block-group-is-layout-flow\">\n<h2 class=\"has-text-align-center wp-block-heading\">Honlapunk fejleszt\u00e9s alatt<\/h2>\n<\/div><\/div>\n\n\n\n<figure class=\"wp-block-image\"><img loading=\"lazy\" decoding=\"async\" width=\"619\" height=\"464\" src=\"http:\/\/www.shotokarate.hu\/wp-content\/uploads\/2021\/11\/kagbal_bw.jpg\" alt=\"\" class=\"wp-image-54\" srcset=\"https:\/\/www.shotokarate.hu\/wp-content\/uploads\/2021\/11\/kagbal_bw.jpg 619w, https:\/\/www.shotokarate.hu\/wp-content\/uploads\/2021\/11\/kagbal_bw-300x225.jpg 300w\" sizes=\"auto, (max-width: 619px) 100vw, 619px\" \/><\/figure>\n\n\n\n<div class=\"wp-block-group alignwide\"><div class=\"wp-block-group__inner-container is-layout-flow wp-block-group-is-layout-flow\">\n<h2 class=\"has-text-align-center has-accent-color has-text-color wp-block-heading\">\u201cMa jobb kell legyek, mint tegnap, holnap jobb kell legyek mint ma.\u201d<\/h2>\n<\/div><\/div>\n\n\n\n<p class=\"has-drop-cap\">Azt gondoljuk \u00f3ri\u00e1si l\u00e9p\u00e9sek, c\u00e9lok \u00e9s tettek kellenek az emberi  nagyszer\u0171s\u00e9ghez, pedig b\u0151ven elegend\u0151 csak egy apr\u00f3s\u00e1got v\u00e1ltoztatni, mindig csak egy apr\u00f3s\u00e1got hozz\u00e1adni az \u00e9let\u00fcnkh\u00f6z, kell\u0151 kitart\u00e1ssal egyre nagyobb dolgokat \u00e9rhet\u00fcnk \u00edgy el. <\/p>\n\n\n\n<hr class=\"wp-block-separator\"\/>\n\n\n\n<div class=\"wp-block-group alignwide\"><div class=\"wp-block-group__inner-container is-layout-flow wp-block-group-is-layout-flow\">\n<div class=\"wp-block-group alignwide\"><div class=\"wp-block-group__inner-container is-layout-flow wp-block-group-is-layout-flow\">\n<div class=\"wp-block-group\"><div class=\"wp-block-group__inner-container is-layout-flow wp-block-group-is-layout-flow\">\n<figure class=\"wp-block-gallery alignfull columns-1 is-cropped wp-block-gallery-1 is-layout-flex wp-block-gallery-is-layout-flex\"><ul class=\"blocks-gallery-grid\"><li class=\"blocks-gallery-item\"><figure><img loading=\"lazy\" decoding=\"async\" width=\"904\" height=\"1024\" src=\"http:\/\/www.shotokarate.hu\/wp-content\/uploads\/2021\/11\/249675752_4905515642838946_1367209977776473544_n-1-904x1024.jpg\" alt=\"\" data-id=\"43\" data-full-url=\"http:\/\/www.shotokarate.hu\/wp-content\/uploads\/2021\/11\/249675752_4905515642838946_1367209977776473544_n-1.jpg\" data-link=\"http:\/\/www.shotokarate.hu\/?attachment_id=43\" class=\"wp-image-43\" srcset=\"https:\/\/www.shotokarate.hu\/wp-content\/uploads\/2021\/11\/249675752_4905515642838946_1367209977776473544_n-1-904x1024.jpg 904w, https:\/\/www.shotokarate.hu\/wp-content\/uploads\/2021\/11\/249675752_4905515642838946_1367209977776473544_n-1-265x300.jpg 265w, https:\/\/www.shotokarate.hu\/wp-content\/uploads\/2021\/11\/249675752_4905515642838946_1367209977776473544_n-1-768x870.jpg 768w, https:\/\/www.shotokarate.hu\/wp-content\/uploads\/2021\/11\/249675752_4905515642838946_1367209977776473544_n-1-1200x1360.jpg 1200w, https:\/\/www.shotokarate.hu\/wp-content\/uploads\/2021\/11\/249675752_4905515642838946_1367209977776473544_n-1.jpg 1284w\" sizes=\"auto, (max-width: 904px) 100vw, 904px\" \/><\/figure><\/li><\/ul><\/figure>\n\n\n\n<h3 class=\"wp-block-heading\">JKS Online \u0151szi edz\u0151t\u00e1bor<\/h3>\n\n\n\n<p>November 27. &#8211; November 28.<\/p>\n\n\n\n<div class=\"wp-block-button is-style-outline is-style-outline--2\"><a class=\"wp-block-button__link\" href=\"http:\/\/www.shotokarate.hu\/?page_id=44\">B\u0151vebben<\/a><\/div>\n<\/div><\/div>\n<\/div><\/div>\n\n\n\n<p>Id\u00e9n is lehet\u0151s\u00e9g\u00fcnk lesz edzeni -sajnos csak online- a JKS K\u00f6zponti edz\u0151terem instruktoraival: M Kagawa, T Yamaguchi, S Nagaki, S Okamoto&#8230;.\u00e9s sokan m\u00e1sok&#8230;nem \u00e9rdemes lemaradni! <\/p>\n<\/div><\/div>\n\n\n\n<hr class=\"wp-block-separator\"\/>\n\n\n\n<div class=\"wp-block-group\"><div class=\"wp-block-group__inner-container is-layout-flow wp-block-group-is-layout-flow\">\n<figure class=\"wp-block-image size-large\"><img loading=\"lazy\" decoding=\"async\" width=\"1024\" height=\"576\" src=\"http:\/\/www.shotokarate.hu\/wp-content\/uploads\/2021\/11\/asai24-1024x576.jpeg\" alt=\"\" class=\"wp-image-72\" srcset=\"https:\/\/www.shotokarate.hu\/wp-content\/uploads\/2021\/11\/asai24-1024x576.jpeg 1024w, https:\/\/www.shotokarate.hu\/wp-content\/uploads\/2021\/11\/asai24-300x169.jpeg 300w, https:\/\/www.shotokarate.hu\/wp-content\/uploads\/2021\/11\/asai24-768x432.jpeg 768w, https:\/\/www.shotokarate.hu\/wp-content\/uploads\/2021\/11\/asai24-1200x675.jpeg 1200w, https:\/\/www.shotokarate.hu\/wp-content\/uploads\/2021\/11\/asai24.jpeg 1280w\" sizes=\"auto, (max-width: 1024px) 100vw, 1024px\" \/><\/figure>\n\n\n\n<h2 class=\"wp-block-heading\">&#8230;a mi Karat\u00e9nk<\/h2>\n\n\n\n<p>Sokf\u00e9lek\u00e9ppen lehet tekinteni a karat\u00e9ra, szerint\u00fcnk a karate ilyen&#8230;<\/p>\n\n\n\n<div class=\"wp-block-buttons is-layout-flex wp-block-buttons-is-layout-flex\"><\/div>\n\n\n\n<div class=\"wp-block-buttons is-layout-flex wp-block-buttons-is-layout-flex\">\n<div class=\"wp-block-button is-style-outline is-style-outline--3\"><a class=\"wp-block-button__link\" href=\"http:\/\/www.shotokarate.hu\/?page_id=7\">B\u0151vebben<\/a><\/div>\n<\/div>\n<\/div><\/div>\n\n\n\n<hr class=\"wp-block-separator\"\/>\n\n\n\n<div class=\"wp-block-group alignwide has-background\" style=\"background-color:#ffffff\"><div class=\"wp-block-group__inner-container is-layout-flow wp-block-group-is-layout-flow\">\n<div class=\"wp-block-group\"><div class=\"wp-block-group__inner-container is-layout-flow wp-block-group-is-layout-flow\">\n<p><\/p>\n\n\n\n<p class=\"has-text-align-center\">Mindenkit v\u00e1runk edz\u00e9seinken \u00e9s egy\u00e9b k\u00f6z\u00f6ss\u00e9gi programjainkon.<\/p>\n\n\n\n<div class=\"wp-block-button aligncenter\"><a class=\"wp-block-button__link\" href=\"http:\/\/www.shotokarate.hu\/?page_id=8&amp;preview_id=8&amp;preview_nonce=6126a7bb29&amp;preview=true\">Csatlakoz\u00e1s a Klubba<\/a><\/div>\n<\/div><\/div>\n\n\n\n<p><\/p>\n<\/div><\/div>\n\n\n\n<figure class=\"wp-block-gallery alignwide columns-3 is-cropped wp-block-gallery-4 is-layout-flex wp-block-gallery-is-layout-flex\"><ul class=\"blocks-gallery-grid\"><li class=\"blocks-gallery-item\"><figure><img decoding=\"async\" src=\"http:\/\/www.shotokarate.hu\/wp-content\/themes\/twentytwenty\/assets\/images\/2020-square-2.png\" alt=\"\" data-id=\"39\" data-link=\"assets\/images\/2020-square-2\/\" class=\"wp-image-39\"\/><\/figure><\/li><li class=\"blocks-gallery-item\"><figure><img loading=\"lazy\" decoding=\"async\" width=\"555\" height=\"388\" src=\"http:\/\/www.shotokarate.hu\/wp-content\/uploads\/2021\/11\/17098463_1522511884472689_2994588383552954930_n.jpg\" alt=\"\" data-id=\"59\" data-full-url=\"http:\/\/www.shotokarate.hu\/wp-content\/uploads\/2021\/11\/17098463_1522511884472689_2994588383552954930_n.jpg\" data-link=\"http:\/\/www.shotokarate.hu\/?attachment_id=59\" class=\"wp-image-59\" srcset=\"https:\/\/www.shotokarate.hu\/wp-content\/uploads\/2021\/11\/17098463_1522511884472689_2994588383552954930_n.jpg 555w, https:\/\/www.shotokarate.hu\/wp-content\/uploads\/2021\/11\/17098463_1522511884472689_2994588383552954930_n-300x210.jpg 300w\" sizes=\"auto, (max-width: 555px) 100vw, 555px\" \/><figcaption class=\"blocks-gallery-item__caption\"> <\/figcaption><\/figure><\/li><li class=\"blocks-gallery-item\"><figure><img decoding=\"async\" src=\"http:\/\/www.shotokarate.hu\/wp-content\/themes\/twentytwenty\/assets\/images\/2020-square-1.png\" alt=\"\" data-id=\"38\" data-link=\"http:\/\/www.shotokarate.hu\/wp-content\/themes\/twentytwenty\/assets\/images\/2020-square-1\/\" class=\"wp-image-38\"\/><\/figure><\/li><\/ul><\/figure>\n\n\n\n<p><\/p>\n","protected":false},"excerpt":{"rendered":"<p>Honlapunk fejleszt\u00e9s alatt \u201cMa jobb kell legyek, mint tegnap, holnap jobb kell legyek mint ma.\u201d Azt gondoljuk \u00f3ri\u00e1si l\u00e9p\u00e9sek, c\u00e9lok \u00e9s tettek kellenek az emberi nagyszer\u0171s\u00e9ghez, pedig b\u0151ven elegend\u0151 csak egy apr\u00f3s\u00e1got v\u00e1ltoztatni, mindig csak egy apr\u00f3s\u00e1got hozz\u00e1adni az \u00e9let\u00fcnkh\u00f6z, kell\u0151 kitart\u00e1ssal egyre nagyobb dolgokat \u00e9rhet\u00fcnk \u00edgy el. JKS Online \u0151szi edz\u0151t\u00e1bor November 27. &#8211; [&hellip;]<\/p>\n","protected":false},"author":1,"featured_media":0,"parent":0,"menu_order":0,"comment_status":"closed","ping_status":"closed","template":"","meta":{"footnotes":""},"class_list":["post-6","page","type-page","status-publish","hentry"],"_links":{"self":[{"href":"https:\/\/www.shotokarate.hu\/index.php?rest_route=\/wp\/v2\/pages\/6","targetHints":{"allow":["GET"]}}],"collection":[{"href":"https:\/\/www.shotokarate.hu\/index.php?rest_route=\/wp\/v2\/pages"}],"about":[{"href":"https:\/\/www.shotokarate.hu\/index.php?rest_route=\/wp\/v2\/types\/page"}],"author":[{"embeddable":true,"href":"https:\/\/www.shotokarate.hu\/index.php?rest_route=\/wp\/v2\/users\/1"}],"replies":[{"embeddable":true,"href":"https:\/\/www.shotokarate.hu\/index.php?rest_route=%2Fwp%2Fv2%2Fcomments&post=6"}],"version-history":[{"count":20,"href":"https:\/\/www.shotokarate.hu\/index.php?rest_route=\/wp\/v2\/pages\/6\/revisions"}],"predecessor-version":[{"id":78,"href":"https:\/\/www.shotokarate.hu\/index.php?rest_route=\/wp\/v2\/pages\/6\/revisions\/78"}],"wp:attachment":[{"href":"https:\/\/www.shotokarate.hu\/index.php?rest_route=%2Fwp%2Fv2%2Fmedia&parent=6"}],"curies":[{"name":"wp","href":"https:\/\/api.w.org\/{rel}","templated":true}]}}