{"id":44,"date":"2021-11-06T08:24:47","date_gmt":"2021-11-06T08:24:47","guid":{"rendered":"http:\/\/www.shotokarate.hu\/?page_id=44"},"modified":"2021-11-06T08:24:47","modified_gmt":"2021-11-06T08:24:47","slug":"jks-oszi-edzotabor","status":"publish","type":"page","link":"https:\/\/www.shotokarate.hu\/?page_id=44","title":{"rendered":"JKS \u0150szi edz\u0151t\u00e1bor"},"content":{"rendered":"\n<p>Az idei \u0151szi JKS -online- szemin\u00e1rium programja:<\/p>\n\n\n\n<p>November 27. szombat<\/p>\n\n\n\n<p> #1 &#8211; 10:00 \u2013 11:00 -Kagawa Shihan, Nagaki Sensei<\/p>\n\n\n\n<p>#2 &#8211; 11:15 &#8211; 12:15 &#8211; Yamaguchi Sensei, Okamoto Sensei <\/p>\n\n\n\n<p>Dan \u00e9s Min\u0151s\u00edt\u0151 vizsg\u00e1k 12:30 &#8211; 14:30 <\/p>\n\n\n\n<p>November 28. Vas\u00e1rnap<\/p>\n\n\n\n<p># 3 &#8211; 10:00 \u2013 11:00 Kanayama Sensei, Matsue Sensei<\/p>\n\n\n\n<p># 4 &#8211; 11:15 &#8211; 12:15 Makita Sensei, Kamal Sensei<\/p>\n\n\n\n<p>Dan \u00e9s Min\u0151s\u00edt\u0151 vizsg\u00e1k 12:30 &#8211; 14:30<\/p>\n\n\n\n<p> Az edz\u0151t\u00e1borok d\u00edj\u00e1t egyben, banki \u00e1tutal\u00e1ssal teljes\u00edtj\u00fck majd. Jelentkez\u00e9si hat\u00e1rid\u0151 november 14. <\/p>\n\n\n\n<p>Szem\u00e9lyes d\u00edjak: 10,000 Yen (fejenk\u00e9nt, ha a jelentkez\u0151k sz\u00e1ma 1-10) 8,000 Yen (fejenk\u00e9nt, ha a jelentkez\u0151k sz\u00e1ma 11-19) 7,000 Yen (fejenk\u00e9nt, ha a jelentkez\u0151k sz\u00e1ma 20-n\u00e1l t\u00f6bb). Jelentkez\u00e9s Herczeg Bal\u00e1zsn\u00e1l priv\u00e1t \u00fczenetben.<\/p>\n","protected":false},"excerpt":{"rendered":"<p>Az idei \u0151szi JKS -online- szemin\u00e1rium programja: November 27. szombat #1 &#8211; 10:00 \u2013 11:00 -Kagawa Shihan, Nagaki Sensei #2 &#8211; 11:15 &#8211; 12:15 &#8211; Yamaguchi Sensei, Okamoto Sensei Dan \u00e9s Min\u0151s\u00edt\u0151 vizsg\u00e1k 12:30 &#8211; 14:30 November 28. Vas\u00e1rnap # 3 &#8211; 10:00 \u2013 11:00 Kanayama Sensei, Matsue Sensei # 4 &#8211; 11:15 &#8211; 12:15 [&hellip;]<\/p>\n","protected":false},"author":1,"featured_media":0,"parent":0,"menu_order":0,"comment_status":"closed","ping_status":"closed","template":"","meta":{"footnotes":""},"class_list":["post-44","page","type-page","status-publish","hentry"],"_links":{"self":[{"href":"https:\/\/www.shotokarate.hu\/index.php?rest_route=\/wp\/v2\/pages\/44","targetHints":{"allow":["GET"]}}],"collection":[{"href":"https:\/\/www.shotokarate.hu\/index.php?rest_route=\/wp\/v2\/pages"}],"about":[{"href":"https:\/\/www.shotokarate.hu\/index.php?rest_route=\/wp\/v2\/types\/page"}],"author":[{"embeddable":true,"href":"https:\/\/www.shotokarate.hu\/index.php?rest_route=\/wp\/v2\/users\/1"}],"replies":[{"embeddable":true,"href":"https:\/\/www.shotokarate.hu\/index.php?rest_route=%2Fwp%2Fv2%2Fcomments&post=44"}],"version-history":[{"count":1,"href":"https:\/\/www.shotokarate.hu\/index.php?rest_route=\/wp\/v2\/pages\/44\/revisions"}],"predecessor-version":[{"id":45,"href":"https:\/\/www.shotokarate.hu\/index.php?rest_route=\/wp\/v2\/pages\/44\/revisions\/45"}],"wp:attachment":[{"href":"https:\/\/www.shotokarate.hu\/index.php?rest_route=%2Fwp%2Fv2%2Fmedia&parent=44"}],"curies":[{"name":"wp","href":"https:\/\/api.w.org\/{rel}","templated":true}]}}